{"id":967,"date":"2020-04-21T19:55:20","date_gmt":"2020-04-21T19:55:20","guid":{"rendered":"https:\/\/saudeleal.com\/site\/?page_id=967"},"modified":"2020-04-21T19:55:44","modified_gmt":"2020-04-21T19:55:44","slug":"news","status":"publish","type":"page","link":"https:\/\/saudeleal.com\/site\/?page_id=967","title":{"rendered":"Not\u00edcias"},"content":{"rendered":"\n<div class=\"wp-block-columns is-layout-flex wp-container-core-columns-is-layout-9d6595d7 wp-block-columns-is-layout-flex\">\n<div class=\"wp-block-column is-layout-flow wp-block-column-is-layout-flow\">\n<div class=\"wp-block-group is-layout-flow wp-block-group-is-layout-flow\"><div class=\"wp-block-group__inner-container\"><\/div><\/div>\n\n\n\n<p><\/p>\n<\/div>\n\n\n\n<div class=\"wp-block-column is-layout-flow wp-block-column-is-layout-flow\"><\/div>\n<\/div>\n\n\n\n<div class=\"wp-block-columns is-layout-flex wp-container-core-columns-is-layout-9d6595d7 wp-block-columns-is-layout-flex\">\n<div class=\"wp-block-column is-layout-flow wp-block-column-is-layout-flow\"><\/div>\n\n\n\n<div class=\"wp-block-column is-layout-flow wp-block-column-is-layout-flow\">\n<div class=\"wp-block-group is-layout-flow wp-block-group-is-layout-flow\"><div class=\"wp-block-group__inner-container\"><\/div><\/div>\n<\/div>\n<\/div>\n\n\n\n<div class=\"wp-block-media-text alignwide has-media-on-the-right is-stacked-on-mobile\" style=\"grid-template-columns:auto 23%\"><figure class=\"wp-block-media-text__media\"><a href=\"https:\/\/saudeleal.com\/site\/wp-content\/uploads\/2014\/07\/10301297_648428861904766_4059044853256294769_n.jpg\"><img loading=\"lazy\" decoding=\"async\" width=\"552\" height=\"552\" src=\"https:\/\/saudeleal.com\/site\/wp-content\/uploads\/2014\/07\/10301297_648428861904766_4059044853256294769_n.jpg\" alt=\"\" class=\"wp-image-309\" srcset=\"https:\/\/saudeleal.com\/site\/wp-content\/uploads\/2014\/07\/10301297_648428861904766_4059044853256294769_n.jpg 552w, https:\/\/saudeleal.com\/site\/wp-content\/uploads\/2014\/07\/10301297_648428861904766_4059044853256294769_n-150x150.jpg 150w, https:\/\/saudeleal.com\/site\/wp-content\/uploads\/2014\/07\/10301297_648428861904766_4059044853256294769_n-300x300.jpg 300w\" sizes=\"auto, (max-width: 552px) 100vw, 552px\" \/><\/a><\/figure><div class=\"wp-block-media-text__content\"><div class='dt-sc-titled-box '><h6 class='dt-sc-titled-box-title'  style=\"color:#FFFFFF;\">  01\/07\/2014 - Novo aparelho de radiologia digital<\/h6><div class='dt-sc-titled-box-content'><span class=\"userContent\">A Cl\u00ednica Sa\u00fade Leal disp\u00f5e, neste momento, de um aparelho digital de radiografia panor\u00e2mica e em 3d (TAC &#8211; CBCT), que permite a visualiza\u00e7\u00e3o em alta defini\u00e7\u00e3o e em 3 dimens\u00f5es das estruturas da cavidade oral, facilitando e tornando muito m<span class=\"text_exposed_show\">ais previs\u00edvel todo o tipo de interven\u00e7\u00f5es m\u00e9dico-dent\u00e1rias (implantes, sisos inclusos, endodontias complexas, etc.), obedecendo aos mais altos padr\u00f5es de cuidados m\u00e9dicos e com valores extremamente baixos de radia\u00e7\u00e3o.<\/span><\/span><\/div><\/div>\n<\/div><\/div>\n\n\n\n<div class=\"wp-block-media-text alignwide has-media-on-the-right is-stacked-on-mobile\" style=\"grid-template-columns:auto 22%\"><figure class=\"wp-block-media-text__media\"><img loading=\"lazy\" decoding=\"async\" width=\"260\" height=\"147\" src=\"https:\/\/saudeleal.com\/site\/wp-content\/uploads\/2014\/07\/adse_regime_livre_v2.png\" alt=\"\" class=\"wp-image-314\"\/><\/figure><div class=\"wp-block-media-text__content\"><div class='dt-sc-titled-box '><h6 class='dt-sc-titled-box-title'  style=\"color:#FFFFFF;\">  01\/05\/2014 - Comparticipa\u00e7\u00e3o ADSE<\/h6><div class='dt-sc-titled-box-content'>A ADSE comparticipa, directamente ao benefici\u00e1rio, mediante a apresenta\u00e7\u00e3o dos documentos originais (recibos e, se for o caso, respetivas prescri\u00e7\u00f5es m\u00e9dicas) devidamente discriminados (cuidado de sa\u00fade recebido) e identificados com o nome e n.\u00ba do benefici\u00e1rio. A comparticipa\u00e7\u00e3o \u00e9 efetuada conforme percentagens e montantes fixados nas respetivas tabelas p\u00fablicadas pela ADSE.<\/p>\n<p>Exemplo de comparticipa\u00e7\u00f5es:<\/p>\n<p>Consulta simples: 15,86\u20ac<\/p>\n<p>Restaura\u00e7\u00e3o simples: 25,35\u20ac<\/p>\n<p>Endodontia (desvitaliza\u00e7\u00e3o): 34,18\u20ac<\/p>\n<p>Destartariza\u00e7\u00e3o (limpeza): 16\u20ac<\/p>\n<p>Exodontia (extrac\u00e7\u00e3o): 19\u20ac<\/p>\n<p>Ortopantomografia (radiografia panor\u00e2mica): 17,85\u20ac<\/p><\/div><\/div>\n<\/div><\/div>\n\n\n\n<div class=\"wp-block-media-text alignwide has-media-on-the-right is-stacked-on-mobile\" style=\"grid-template-columns:auto 22%\"><figure class=\"wp-block-media-text__media\"><img loading=\"lazy\" decoding=\"async\" width=\"467\" height=\"207\" src=\"https:\/\/saudeleal.com\/site\/wp-content\/uploads\/2014\/07\/sams.png\" alt=\"\" class=\"wp-image-316\" srcset=\"https:\/\/saudeleal.com\/site\/wp-content\/uploads\/2014\/07\/sams.png 467w, https:\/\/saudeleal.com\/site\/wp-content\/uploads\/2014\/07\/sams-300x132.png 300w\" sizes=\"auto, (max-width: 467px) 100vw, 467px\" \/><\/figure><div class=\"wp-block-media-text__content\"><div class='dt-sc-titled-box '><h6 class='dt-sc-titled-box-title'  style=\"color:#FFFFFF;\">  01\/01\/2013 - Acordo - SAMS<\/h6><div class='dt-sc-titled-box-content'>A Cl\u00ednica Sa\u00fade Leal tem acordo com o SAMS Quadros.<\/div><\/div>\n<\/div><\/div>\n\n\n\n<div class=\"wp-block-media-text alignwide has-media-on-the-right is-stacked-on-mobile\" style=\"grid-template-columns:auto 22%\"><figure class=\"wp-block-media-text__media\"><img loading=\"lazy\" decoding=\"async\" width=\"269\" height=\"149\" src=\"https:\/\/saudeleal.com\/site\/wp-content\/uploads\/2014\/07\/logo_cheque.gif\" alt=\"\" class=\"wp-image-318\"\/><\/figure><div class=\"wp-block-media-text__content\"><div class='dt-sc-titled-box '><h6 class='dt-sc-titled-box-title'  style=\"color:#FFFFFF;\">  01\/05\/2011 - Acordo SNS - Cheques Dentista<\/h6><div class='dt-sc-titled-box-content'>A Cl\u00ednica Sa\u00fade Leal tem conven\u00e7\u00e3o com o Programa Nacional para a Promo\u00e7\u00e3o da Sa\u00fade Oral &#8211; Cheque Dentista<\/p><\/div><\/div>\n<\/div><\/div>\n","protected":false},"excerpt":{"rendered":"","protected":false},"author":1,"featured_media":0,"parent":0,"menu_order":0,"comment_status":"closed","ping_status":"closed","template":"templates\/page-full-width.php","meta":{"om_disable_all_campaigns":false,"_monsterinsights_skip_tracking":false,"_monsterinsights_sitenote_active":false,"_monsterinsights_sitenote_note":"","_monsterinsights_sitenote_category":0,"_uf_show_specific_survey":0,"_uf_disable_surveys":false,"footnotes":""},"class_list":["post-967","page","type-page","status-publish","hentry"],"aioseo_notices":[],"post_mailing_queue_ids":[],"_links":{"self":[{"href":"https:\/\/saudeleal.com\/site\/index.php?rest_route=\/wp\/v2\/pages\/967","targetHints":{"allow":["GET"]}}],"collection":[{"href":"https:\/\/saudeleal.com\/site\/index.php?rest_route=\/wp\/v2\/pages"}],"about":[{"href":"https:\/\/saudeleal.com\/site\/index.php?rest_route=\/wp\/v2\/types\/page"}],"author":[{"embeddable":true,"href":"https:\/\/saudeleal.com\/site\/index.php?rest_route=\/wp\/v2\/users\/1"}],"replies":[{"embeddable":true,"href":"https:\/\/saudeleal.com\/site\/index.php?rest_route=%2Fwp%2Fv2%2Fcomments&post=967"}],"version-history":[{"count":37,"href":"https:\/\/saudeleal.com\/site\/index.php?rest_route=\/wp\/v2\/pages\/967\/revisions"}],"predecessor-version":[{"id":1005,"href":"https:\/\/saudeleal.com\/site\/index.php?rest_route=\/wp\/v2\/pages\/967\/revisions\/1005"}],"wp:attachment":[{"href":"https:\/\/saudeleal.com\/site\/index.php?rest_route=%2Fwp%2Fv2%2Fmedia&parent=967"}],"curies":[{"name":"wp","href":"https:\/\/api.w.org\/{rel}","templated":true}]}}