{"id":91,"date":"2014-06-25T11:03:32","date_gmt":"2014-06-25T11:03:32","guid":{"rendered":"http:\/\/saudeleal.com\/site\/?page_id=91"},"modified":"2022-01-07T18:29:04","modified_gmt":"2022-01-07T18:29:04","slug":"medicina-dentaria","status":"publish","type":"page","link":"https:\/\/saudeleal.com\/site\/?page_id=91","title":{"rendered":"Medicina Dent\u00e1ria"},"content":{"rendered":"<p style=\"text-align: justify;\"><span class=\"componentsLabelValue\"><div  class='column dt-sc-one-half  first'><\/span><strong><span class=\"componentsLabelValue\"><div class='dt-sc-titled-box '><h6 class='dt-sc-titled-box-title'  style=\"color:#FFFFFF;\">  Medicina Dent\u00e1ria<\/h6><div class='dt-sc-titled-box-content'>A Medicina Dent\u00e1ria \u00e9 a principal especialidade na Cl\u00ednica Sa\u00fade Leal.<\/div><\/div> <\/span><\/strong><\/p>\n<figure id=\"attachment_1027\" aria-describedby=\"caption-attachment-1027\" style=\"width: 350px\" class=\"wp-caption alignnone\"><a href=\"https:\/\/saudeleal.com\/site\/wp-content\/uploads\/2022\/01\/luis-leal.jpg\"><img loading=\"lazy\" decoding=\"async\" class=\"wp-image-1027 size-full\" src=\"https:\/\/saudeleal.com\/site\/wp-content\/uploads\/2022\/01\/luis-leal.jpg\" alt=\"Dr. Lu\u00eds Leal\" width=\"350\" height=\"536\" srcset=\"https:\/\/saudeleal.com\/site\/wp-content\/uploads\/2022\/01\/luis-leal.jpg 350w, https:\/\/saudeleal.com\/site\/wp-content\/uploads\/2022\/01\/luis-leal-196x300.jpg 196w\" sizes=\"auto, (max-width: 350px) 100vw, 350px\" \/><\/a><figcaption id=\"caption-attachment-1027\" class=\"wp-caption-text\">Dr. Lu\u00eds Leal<\/figcaption><\/figure>\n<p style=\"text-align: justify;\">\u00c9 assegurada diariamente pela m\u00e3o do Dr. Lu\u00eds Leal, m\u00e9dico dentista e director cl\u00ednico, que aposta com seguran\u00e7a e num esfor\u00e7o evolutivo constante nas diversas \u00e1reas da sa\u00fade oral, particularmente na \u00e1rea da implantologia e reabilita\u00e7\u00e3o oral.<span class=\"componentsLabelValue\"><\/div><div  class='column dt-sc-one-half  '><\/span><\/p>\n<p style=\"text-align: justify;\"><span class=\"componentsLabelValue\"><\/div>\n<\/span><\/p>\n","protected":false},"excerpt":{"rendered":"","protected":false},"author":1,"featured_media":0,"parent":44,"menu_order":1,"comment_status":"closed","ping_status":"closed","template":"templates\/page-full-width.php","meta":{"om_disable_all_campaigns":false,"_monsterinsights_skip_tracking":false,"_monsterinsights_sitenote_active":false,"_monsterinsights_sitenote_note":"","_monsterinsights_sitenote_category":0,"_uf_show_specific_survey":0,"_uf_disable_surveys":false,"footnotes":""},"class_list":["post-91","page","type-page","status-publish","hentry"],"aioseo_notices":[],"post_mailing_queue_ids":[],"_links":{"self":[{"href":"https:\/\/saudeleal.com\/site\/index.php?rest_route=\/wp\/v2\/pages\/91","targetHints":{"allow":["GET"]}}],"collection":[{"href":"https:\/\/saudeleal.com\/site\/index.php?rest_route=\/wp\/v2\/pages"}],"about":[{"href":"https:\/\/saudeleal.com\/site\/index.php?rest_route=\/wp\/v2\/types\/page"}],"author":[{"embeddable":true,"href":"https:\/\/saudeleal.com\/site\/index.php?rest_route=\/wp\/v2\/users\/1"}],"replies":[{"embeddable":true,"href":"https:\/\/saudeleal.com\/site\/index.php?rest_route=%2Fwp%2Fv2%2Fcomments&post=91"}],"version-history":[{"count":10,"href":"https:\/\/saudeleal.com\/site\/index.php?rest_route=\/wp\/v2\/pages\/91\/revisions"}],"predecessor-version":[{"id":1037,"href":"https:\/\/saudeleal.com\/site\/index.php?rest_route=\/wp\/v2\/pages\/91\/revisions\/1037"}],"up":[{"embeddable":true,"href":"https:\/\/saudeleal.com\/site\/index.php?rest_route=\/wp\/v2\/pages\/44"}],"wp:attachment":[{"href":"https:\/\/saudeleal.com\/site\/index.php?rest_route=%2Fwp%2Fv2%2Fmedia&parent=91"}],"curies":[{"name":"wp","href":"https:\/\/api.w.org\/{rel}","templated":true}]}}