{"id":46,"date":"2014-06-24T17:23:34","date_gmt":"2014-06-24T17:23:34","guid":{"rendered":"http:\/\/saudeleal.com\/site\/?page_id=46"},"modified":"2020-04-15T16:40:46","modified_gmt":"2020-04-15T16:40:46","slug":"implantes","status":"publish","type":"page","link":"https:\/\/saudeleal.com\/site\/?page_id=46","title":{"rendered":"Implantes"},"content":{"rendered":"<div  class='column dt-sc-one-half  first'><div class='dt-sc-toggle-frame-set'><div class=\"dt-sc-toggle-frame\">\t<h5 class='dt-sc-toggle-accordion '><a href='#'>O que s\u00e3o implantes dent\u00e1rios?<\/a><\/h5>\t<div class=\"dt-sc-toggle-content\" style=\"display: none;\">\t\t<div class=\"block\"><span class=\"componentsLabelValue\">S\u00e3o ra\u00edzes artificiais feitas de um material chamado tit\u00e2nio, metal biocompat\u00edvel. A sua coloca\u00e7\u00e3o pode ser feita nos ossos da mand\u00edbula ou da maxila. A sua cicatriza\u00e7\u00e3o no osso (designada osteointegra\u00e7\u00e3o) d\u00e1-se em quatro meses na mand\u00edbula e seis meses na maxila, podendo o tempo variar em cada caso. Em alguns casos, dependendo da fixa\u00e7\u00e3o inicial do implante e do planeamento feito pelo m\u00e9dico dentista, podemos fazer activa\u00e7\u00e3o imediata (CARGA IMEDIATA), isto \u00e9, o implante \u00e9 instalado e directamente sobre o implante \u00e9 feito um dente provis\u00f3rio (pr\u00f3tese provis\u00f3ria) sobre o mesmo.\nPr\u00f3tese\/Coroa: Pe\u00e7a artificial que ir\u00e1 substituir uma ou v\u00e1rias pe\u00e7as dent\u00e1rias perdidas. O material utilizado pode ser o acr\u00edlico, zirc\u00f3nio, metal, cer\u00e2mica, etc.\nPilar: Elemento onde a coroa se ir\u00e1 ancorar. Trata-se da liga\u00e7\u00e3o entre a solu\u00e7\u00e3o prot\u00e9tica (coroa) e o implante<\/span>\t\t<\/div>\t<\/div><\/div>\n<div class=\"dt-sc-toggle-frame\">\t<h5 class='dt-sc-toggle-accordion '><a href='#'>Qualquer pessoa pode ser submetida a uma cirurgia para implante dent\u00e1rio? E \u00e9 seguro?<\/a><\/h5>\t<div class=\"dt-sc-toggle-content\" style=\"display: none;\">\t\t<div class=\"block\"><span class=\"componentsLabelValue\">Desde que a pessoa tenha condi\u00e7\u00f5es de sa\u00fade adequadas e osso dispon\u00edvel, qualquer indiv\u00edduo pode colocar implantes. Em rela\u00e7\u00e3o \u00e0 seguran\u00e7a, pesquisas mundiais indicam o sucesso de 98% no tratamento quando se segue o protocolo correcto. Conclui-se, portanto, que \u00e9 um procedimento extremamente seguro.<\/span>\t\t<\/div>\t<\/div><\/div>\n<div class=\"dt-sc-toggle-frame\">\t<h5 class='dt-sc-toggle-accordion '><a href='#'>Como \u00e9 feita a coloca\u00e7\u00e3o do implante dent\u00e1rio?<\/a><\/h5>\t<div class=\"dt-sc-toggle-content\" style=\"display: none;\">\t\t<div class=\"block\"><span class=\"componentsLabelValue\">Por meio de uma cirurgia, sob anestesia local, com a ajuda opcional de um guia cir\u00fargico colocado na boca do paciente. Ser\u00e3o executadas perfura\u00e7\u00f5es \u00f3sseas com brocas especiais controladas por um motor computadorizado que executa a rota\u00e7\u00e3o perfeita para o leito \u00f3sseo que ir\u00e1 receber o implante.<\/span>\t\t<\/div>\t<\/div><\/div>\n<div class=\"dt-sc-toggle-frame\">\t<h5 class='dt-sc-toggle-accordion '><a href='#'>O que acontece ap\u00f3s a osteointegra\u00e7\u00e3o do implante?<\/a><\/h5>\t<div class=\"dt-sc-toggle-content\" style=\"display: none;\">\t\t<div class=\"block\"><span class=\"componentsLabelValue\"><span class=\"componentsLabelValue\">D\u00e1-se a segunda fase cir\u00fargica, entre quatro a seis meses ap\u00f3s a coloca\u00e7\u00e3o do implante. Pode, em alguns casos, ter um tempo maior ou menor de espera. \u00c9 colocado um \u201ccicatrizador\u201d sobre o implante atrav\u00e9s de uma pequena abertura gengival, que ir\u00e1 criar as condi\u00e7\u00f5es gengivais \u00f3ptimas para a posterior coloca\u00e7\u00e3o da pr\u00f3tese\/coroa.<\/span><\/span>\t\t<\/div>\t<\/div><\/div>\n<div class=\"dt-sc-toggle-frame\">\t<h5 class='dt-sc-toggle-accordion '><a href='#'>A minha qualidade de vida ir\u00e1 melhorar com os implantes dent\u00e1rios?<\/a><\/h5>\t<div class=\"dt-sc-toggle-content\" style=\"display: none;\">\t\t<div class=\"block\"><span class=\"componentsLabelValue\"><span class=\"componentsLabelValue\">Com certeza que sim. Ter\u00e1 vantagens em termos de seguran\u00e7a e confian\u00e7a, poder\u00e1 voltar a sorrir com total despreocupa\u00e7\u00e3o, com uma boca bonita e funcional, poder\u00e1 mastigar sem receio, entre outras vantagens. Tamb\u00e9m recuperar\u00e1 a capacidade fonol\u00f3gica e, gra\u00e7as \u00e0 reposi\u00e7\u00e3o dos dentes, voltar\u00e1 a sentir prazer em sorrir.<\/span><\/span>\t\t<\/div>\t<\/div><\/div>\n<div class=\"dt-sc-toggle-frame\">\t<h5 class='dt-sc-toggle-accordion '><a href='#'>A coloca\u00e7\u00e3o dos implantes \u00e9 dolorosa?<\/a><\/h5>\t<div class=\"dt-sc-toggle-content\" style=\"display: none;\">\t\t<div class=\"block\"><span class=\"componentsLabelValue\"><span class=\"componentsLabelValue\"><span class=\"componentsLabelValue\">N\u00e3o. N\u00e3o existe dor na prepara\u00e7\u00e3o nem na coloca\u00e7\u00e3o dos implantes. O p\u00f3s-operat\u00f3rio ir\u00e1 decorrer, por norma, sem qualquer problema desde que sejam tomadas as devidas precau\u00e7\u00f5es aconselhadas pelo m\u00e9dico dentista.<\/span><\/span><\/span>\t\t<\/div>\t<\/div><\/div>\n<div class=\"dt-sc-toggle-frame\">\t<h5 class='dt-sc-toggle-accordion '><a href='#'>\u00c9 necess\u00e1ria alguma manuten\u00e7\u00e3o?<\/a><\/h5>\t<div class=\"dt-sc-toggle-content\" style=\"display: none;\">\t\t<div class=\"block\"><span class=\"componentsLabelValue\"><span class=\"componentsLabelValue\"><span class=\"componentsLabelValue\">Assim como qualquer outro procedimento m\u00e9dico-dent\u00e1rio, a pr\u00f3tese sobre implante deve ser avaliada clinicamente e radiograficamente de 6 em 6 meses ou 12 em 12 meses. A n\u00e3o manuten\u00e7\u00e3o adequada pode fazer com que o paciente perca a(s) pr\u00f3tese(s) ou at\u00e9 mesmo o(s) implante(s).<\/span><\/span><\/span>\t\t<\/div>\t<\/div><\/div><\/div><\/div>\n<div  class='column dt-sc-one-half  '><img loading=\"lazy\" decoding=\"async\" class=\"alignnone size-full wp-image-217\" src=\"http:\/\/saudeleal.com\/site\/wp-content\/uploads\/2014\/06\/dente.png\" alt=\"dente\" width=\"222\" height=\"260\"><\/p><\/div>\n","protected":false},"excerpt":{"rendered":"","protected":false},"author":1,"featured_media":0,"parent":0,"menu_order":3,"comment_status":"closed","ping_status":"closed","template":"templates\/page-full-width.php","meta":{"om_disable_all_campaigns":false,"_monsterinsights_skip_tracking":false,"_monsterinsights_sitenote_active":false,"_monsterinsights_sitenote_note":"","_monsterinsights_sitenote_category":0,"_uf_show_specific_survey":0,"_uf_disable_surveys":false,"footnotes":""},"class_list":["post-46","page","type-page","status-publish","hentry"],"aioseo_notices":[],"post_mailing_queue_ids":[],"_links":{"self":[{"href":"https:\/\/saudeleal.com\/site\/index.php?rest_route=\/wp\/v2\/pages\/46","targetHints":{"allow":["GET"]}}],"collection":[{"href":"https:\/\/saudeleal.com\/site\/index.php?rest_route=\/wp\/v2\/pages"}],"about":[{"href":"https:\/\/saudeleal.com\/site\/index.php?rest_route=\/wp\/v2\/types\/page"}],"author":[{"embeddable":true,"href":"https:\/\/saudeleal.com\/site\/index.php?rest_route=\/wp\/v2\/users\/1"}],"replies":[{"embeddable":true,"href":"https:\/\/saudeleal.com\/site\/index.php?rest_route=%2Fwp%2Fv2%2Fcomments&post=46"}],"version-history":[{"count":24,"href":"https:\/\/saudeleal.com\/site\/index.php?rest_route=\/wp\/v2\/pages\/46\/revisions"}],"predecessor-version":[{"id":944,"href":"https:\/\/saudeleal.com\/site\/index.php?rest_route=\/wp\/v2\/pages\/46\/revisions\/944"}],"wp:attachment":[{"href":"https:\/\/saudeleal.com\/site\/index.php?rest_route=%2Fwp%2Fv2%2Fmedia&parent=46"}],"curies":[{"name":"wp","href":"https:\/\/api.w.org\/{rel}","templated":true}]}}