{"id":132,"date":"2014-06-25T14:11:55","date_gmt":"2014-06-25T14:11:55","guid":{"rendered":"http:\/\/saudeleal.com\/site\/?page_id=132"},"modified":"2020-04-15T16:40:38","modified_gmt":"2020-04-15T16:40:38","slug":"fisioterapia","status":"publish","type":"page","link":"https:\/\/saudeleal.com\/site\/?page_id=132","title":{"rendered":"Sexologia"},"content":{"rendered":"<p style=\"text-align: justify;\"><span class=\"componentsLabelValue\"><div  class='column dt-sc-one-half  first'><\/span><strong><span class=\"componentsLabelValue\"><div class='dt-sc-titled-box '><h6 class='dt-sc-titled-box-title'  style=\"color:#FFFFFF;\">  Sexologia<\/h6><div class='dt-sc-titled-box-content'><span id=\"fbPhotoSnowliftCaption\" class=\"fbPhotosPhotoCaption\" tabindex=\"0\" aria-live=\"polite\" data-ft=\"{&quot;tn&quot;:&quot;K&quot;}\"><span class=\"hasCaption\">Sexologia: nova especialidade dispon\u00edvel na Cl\u00ednica Sa\u00fade Leal com a Terapeuta Sexual Dr.\u00aa Alexandra Loureiro<\/span><\/span><\/span><\/strong><\/p>\n<p><strong>&nbsp;<\/strong><\/p>\n<p><strong><\/div><\/div>&nbsp;&nbsp;&nbsp; +info&nbsp; <a href=\"mailto:sexologia@saudeleal.com\">sexologia@saudeleal.com<\/a>&nbsp; <br><\/strong><\/p>\n<p style=\"text-align: justify;\"><span class=\"componentsLabelValue\"><\/div><span id=\"fbPhotoSnowliftCaption\" class=\"fbPhotosPhotoCaption\" tabindex=\"0\" aria-live=\"polite\" data-ft=\"{&quot;tn&quot;:&quot;K&quot;}\"><\/span><div  class='column dt-sc-one-half  '><\/span><span class=\"componentsLabelValue\"><a href=\"https:\/\/saudeleal.com\/site\/wp-content\/uploads\/2014\/07\/encontro_sexologia_pediatria.jpg\"><img loading=\"lazy\" decoding=\"async\" class=\"alignnone size-medium wp-image-328\" src=\"https:\/\/saudeleal.com\/site\/wp-content\/uploads\/2014\/07\/encontro_sexologia_pediatria-300x234.jpg\" alt=\"\" width=\"300\" height=\"234\" srcset=\"https:\/\/saudeleal.com\/site\/wp-content\/uploads\/2014\/07\/encontro_sexologia_pediatria-300x234.jpg 300w, https:\/\/saudeleal.com\/site\/wp-content\/uploads\/2014\/07\/encontro_sexologia_pediatria.jpg 688w\" sizes=\"auto, (max-width: 300px) 100vw, 300px\" \/><\/a><\/div><\/span><\/p>\n\n\n<p><\/p>\n","protected":false},"excerpt":{"rendered":"","protected":false},"author":1,"featured_media":0,"parent":44,"menu_order":13,"comment_status":"closed","ping_status":"closed","template":"templates\/page-full-width.php","meta":{"om_disable_all_campaigns":false,"_monsterinsights_skip_tracking":false,"_monsterinsights_sitenote_active":false,"_monsterinsights_sitenote_note":"","_monsterinsights_sitenote_category":0,"_uf_show_specific_survey":0,"_uf_disable_surveys":false,"footnotes":""},"class_list":["post-132","page","type-page","status-publish","hentry"],"aioseo_notices":[],"post_mailing_queue_ids":[],"_links":{"self":[{"href":"https:\/\/saudeleal.com\/site\/index.php?rest_route=\/wp\/v2\/pages\/132","targetHints":{"allow":["GET"]}}],"collection":[{"href":"https:\/\/saudeleal.com\/site\/index.php?rest_route=\/wp\/v2\/pages"}],"about":[{"href":"https:\/\/saudeleal.com\/site\/index.php?rest_route=\/wp\/v2\/types\/page"}],"author":[{"embeddable":true,"href":"https:\/\/saudeleal.com\/site\/index.php?rest_route=\/wp\/v2\/users\/1"}],"replies":[{"embeddable":true,"href":"https:\/\/saudeleal.com\/site\/index.php?rest_route=%2Fwp%2Fv2%2Fcomments&post=132"}],"version-history":[{"count":25,"href":"https:\/\/saudeleal.com\/site\/index.php?rest_route=\/wp\/v2\/pages\/132\/revisions"}],"predecessor-version":[{"id":942,"href":"https:\/\/saudeleal.com\/site\/index.php?rest_route=\/wp\/v2\/pages\/132\/revisions\/942"}],"up":[{"embeddable":true,"href":"https:\/\/saudeleal.com\/site\/index.php?rest_route=\/wp\/v2\/pages\/44"}],"wp:attachment":[{"href":"https:\/\/saudeleal.com\/site\/index.php?rest_route=%2Fwp%2Fv2%2Fmedia&parent=132"}],"curies":[{"name":"wp","href":"https:\/\/api.w.org\/{rel}","templated":true}]}}