{"id":120,"date":"2014-06-25T14:06:14","date_gmt":"2014-06-25T14:06:14","guid":{"rendered":"http:\/\/saudeleal.com\/site\/?page_id=120"},"modified":"2020-04-15T16:40:17","modified_gmt":"2020-04-15T16:40:17","slug":"analises-clinicas","status":"publish","type":"page","link":"https:\/\/saudeleal.com\/site\/?page_id=120","title":{"rendered":"An\u00e1lises Cl\u00ednicas"},"content":{"rendered":"<p style=\"text-align: justify;\"><span class=\"componentsLabelValue\"><div  class='column dt-sc-one-half  first'><\/span><strong><span class=\"componentsLabelValue\"><div class='dt-sc-titled-box '><h6 class='dt-sc-titled-box-title'  style=\"color:#FFFFFF;\">  Patologia Cl\u00ednica<\/h6><div class='dt-sc-titled-box-content'>A Patologia Cl\u00ednica diz respeito \u00e0s mais variadas an\u00e1lises cl\u00ednicas ao sangue e \u00e0 urina. Funciona diariamente, das 8 \u00e0s 12 horas, e \u00e9 assegurada pela Avelab. Tem contractos com o SNS e com todos os subsistemas de sa\u00fade.<\/div><\/div> <\/span><\/strong><\/p>\n<p style=\"text-align: justify;\"><span class=\"componentsLabelValue\"><\/div><div  class='column dt-sc-one-half  '><a href=\"http:\/\/saudeleal.com\/site\/wp-content\/uploads\/2014\/06\/ana.png\"><img loading=\"lazy\" decoding=\"async\" class=\"alignnone wp-image-194 size-full\" src=\"http:\/\/saudeleal.com\/site\/wp-content\/uploads\/2014\/06\/ana.png\" alt=\"\" width=\"154\" height=\"224\"><\/a><\/span><\/p>\n<p style=\"text-align: justify;\"><span class=\"componentsLabelValue\"><\/div><\/span><\/p>\n","protected":false},"excerpt":{"rendered":"","protected":false},"author":1,"featured_media":0,"parent":44,"menu_order":7,"comment_status":"closed","ping_status":"closed","template":"templates\/page-full-width.php","meta":{"om_disable_all_campaigns":false,"_monsterinsights_skip_tracking":false,"_monsterinsights_sitenote_active":false,"_monsterinsights_sitenote_note":"","_monsterinsights_sitenote_category":0,"_uf_show_specific_survey":0,"_uf_disable_surveys":false,"footnotes":""},"class_list":["post-120","page","type-page","status-publish","hentry"],"aioseo_notices":[],"post_mailing_queue_ids":[],"_links":{"self":[{"href":"https:\/\/saudeleal.com\/site\/index.php?rest_route=\/wp\/v2\/pages\/120","targetHints":{"allow":["GET"]}}],"collection":[{"href":"https:\/\/saudeleal.com\/site\/index.php?rest_route=\/wp\/v2\/pages"}],"about":[{"href":"https:\/\/saudeleal.com\/site\/index.php?rest_route=\/wp\/v2\/types\/page"}],"author":[{"embeddable":true,"href":"https:\/\/saudeleal.com\/site\/index.php?rest_route=\/wp\/v2\/users\/1"}],"replies":[{"embeddable":true,"href":"https:\/\/saudeleal.com\/site\/index.php?rest_route=%2Fwp%2Fv2%2Fcomments&post=120"}],"version-history":[{"count":4,"href":"https:\/\/saudeleal.com\/site\/index.php?rest_route=\/wp\/v2\/pages\/120\/revisions"}],"predecessor-version":[{"id":937,"href":"https:\/\/saudeleal.com\/site\/index.php?rest_route=\/wp\/v2\/pages\/120\/revisions\/937"}],"up":[{"embeddable":true,"href":"https:\/\/saudeleal.com\/site\/index.php?rest_route=\/wp\/v2\/pages\/44"}],"wp:attachment":[{"href":"https:\/\/saudeleal.com\/site\/index.php?rest_route=%2Fwp%2Fv2%2Fmedia&parent=120"}],"curies":[{"name":"wp","href":"https:\/\/api.w.org\/{rel}","templated":true}]}}